{"id":50,"date":"2021-11-05T08:45:55","date_gmt":"2021-11-05T08:45:55","guid":{"rendered":"http:\/\/cancerdemama.geyseco.es\/?page_id=50"},"modified":"2026-01-09T15:14:41","modified_gmt":"2026-01-09T14:14:41","slug":"patrocinadors","status":"publish","type":"page","link":"https:\/\/cancerdemama26.geyseco.es\/index.php\/patrocinadors\/","title":{"rendered":"Patrocinadors"},"content":{"rendered":"\n<div class=\"wp-block-columns is-layout-flex wp-container-core-columns-is-layout-9d6595d7 wp-block-columns-is-layout-flex\">\n<div class=\"wp-block-column is-vertically-aligned-center is-layout-flow wp-block-column-is-layout-flow\" style=\"flex-basis:66.66%\">\n<p class=\"has-text-align-center\">Per sol\u00b7licitar informaci\u00f3 sobre les opcions de col\u00b7laboraci\u00f3 disponibles, contacti amb&nbsp;<a href=\"mailto:sponsors@geyseco.es?subject=CANCER%20DE%20MAMA%202020\"><strong>sponsors@geyseco.es<\/strong><\/a>&nbsp;i ens posarem en contacte amb vost\u00e8 al m\u00e9s aviat possible.<\/p>\n<\/div>\n\n\n\n<div class=\"wp-block-column is-layout-flow wp-block-column-is-layout-flow\" style=\"flex-basis:33.33%\">\n<p class=\"has-text-align-center\"><strong>VALIDACI\u00d3 FENIN<\/strong><\/p>\n\n\n<div class=\"wp-block-image\">\n<figure class=\"aligncenter size-full is-resized\"><a href=\"https:\/\/fenincodigoetico.org\/eventos\/xxiv-jornada-sobre-el-cancer-de-mama-los-cambios-que-vienen-donde-estaremos-de-aqui-a-5-anos\/\"><img loading=\"lazy\" decoding=\"async\" width=\"150\" height=\"150\" src=\"https:\/\/cancerdemama23.geyseco.es\/wp-content\/uploads\/2023\/03\/fenim_RGB-150x150-2.jpg\" alt=\"\" class=\"wp-image-783\" style=\"width:65px;height:65px\" srcset=\"https:\/\/cancerdemama26.geyseco.es\/wp-content\/uploads\/2023\/03\/fenim_RGB-150x150-2.jpg 150w, https:\/\/cancerdemama26.geyseco.es\/wp-content\/uploads\/2023\/03\/fenim_RGB-150x150-2-100x100.jpg 100w\" sizes=\"auto, (max-width: 150px) 100vw, 150px\" \/><\/a><\/figure>\n<\/div><\/div>\n<\/div>\n","protected":false},"excerpt":{"rendered":"<p>Per sol\u00b7licitar informaci\u00f3 sobre les opcions de col\u00b7laboraci\u00f3 disponibles, contacti amb&nbsp;sponsors@geyseco.es&nbsp;i ens posarem en contacte amb vost\u00e8 al m\u00e9s aviat possible. VALIDACI\u00d3 FENIN<\/p>\n","protected":false},"author":1,"featured_media":0,"parent":0,"menu_order":0,"comment_status":"closed","ping_status":"closed","template":"","meta":{"footnotes":""},"class_list":["post-50","page","type-page","status-publish"],"_links":{"self":[{"href":"https:\/\/cancerdemama26.geyseco.es\/index.php\/wp-json\/wp\/v2\/pages\/50","targetHints":{"allow":["GET"]}}],"collection":[{"href":"https:\/\/cancerdemama26.geyseco.es\/index.php\/wp-json\/wp\/v2\/pages"}],"about":[{"href":"https:\/\/cancerdemama26.geyseco.es\/index.php\/wp-json\/wp\/v2\/types\/page"}],"author":[{"embeddable":true,"href":"https:\/\/cancerdemama26.geyseco.es\/index.php\/wp-json\/wp\/v2\/users\/1"}],"replies":[{"embeddable":true,"href":"https:\/\/cancerdemama26.geyseco.es\/index.php\/wp-json\/wp\/v2\/comments?post=50"}],"version-history":[{"count":87,"href":"https:\/\/cancerdemama26.geyseco.es\/index.php\/wp-json\/wp\/v2\/pages\/50\/revisions"}],"predecessor-version":[{"id":1077,"href":"https:\/\/cancerdemama26.geyseco.es\/index.php\/wp-json\/wp\/v2\/pages\/50\/revisions\/1077"}],"wp:attachment":[{"href":"https:\/\/cancerdemama26.geyseco.es\/index.php\/wp-json\/wp\/v2\/media?parent=50"}],"curies":[{"name":"wp","href":"https:\/\/api.w.org\/{rel}","templated":true}]}}