{"id":59,"date":"2021-11-05T08:52:36","date_gmt":"2021-11-05T08:52:36","guid":{"rendered":"http:\/\/cancerdemama.geyseco.es\/?page_id=59"},"modified":"2021-11-05T08:52:36","modified_gmt":"2021-11-05T08:52:36","slug":"avis-legal","status":"publish","type":"page","link":"https:\/\/cancerdemama26.geyseco.es\/index.php\/avis-legal\/","title":{"rendered":"Av\u00eds Legal"},"content":{"rendered":"<div id=\"politicas\">\n<h3>CUMPLIMIENTO LSSICE<\/h3>\n<h2>AVISO LEGAL<\/h2>\n<p>En cumplimiento del art\u00edculo 10 de la Ley 34\/2002, de 11 de julio, de Servicios de la Sociedad de la Informaci\u00f3n y Comercio Electr\u00f3nico (LSSICE) a continuaci\u00f3n se detallan los datos identificativos de la empresa:<br \/>\nNombre empresa: GEYSECO<br \/>\nRaz\u00f3n social: GESTION DE CONGRESOS Y SOCIEDADES MEDICAS SL<br \/>\nNIF: B65687733<br \/>\nDirecci\u00f3n: CALLE DE LA UNIVERSIDAD 4 &#8211; 46003 &#8211; VALENCIA &#8211; VALENCIA<br \/>\nTel\u00e9fono: +34 93 221 22 42<br \/>\nEmail: datos@geyseco.es<\/p>\n<h3>FINALIDAD DE LA P\u00c1GINA WEB<\/h3>\n<p>Grupo Geyseco ofrece en su sitio web informaci\u00f3n relacionada con el tipo de actividad, productos y servicios que realiza. Este web site tiene un car\u00e1cter divulgativo y orientativo y pretende poner a disposici\u00f3n de cualquier profesional interesado la informaci\u00f3n sobre el sector.<br \/>\nLa informaci\u00f3n que se ofrece, es meramente informativa y carece de efectos vinculantes, por lo que no se asume ninguna responsabilidad por su contenido.<\/p>\n<h3>LEGISLACI\u00d3N<\/h3>\n<p>Con car\u00e1cter general, las relaciones entre B-65687733 (GEYSECO) con los Usuarios de sus servicios telem\u00e1ticos, presentes en este sitio web, se encuentran sometidas a la legislaci\u00f3n y jurisdicci\u00f3n espa\u00f1olas.<\/p>\n<h3>USO Y ACCESO DE USUARIOS<\/h3>\n<p>El Usuario queda informado, y acepta, que el acceso a la presente web no supone, en modo alguno, el inicio de una relaci\u00f3n comercial con GESTION DE CONGRESOS Y SOCIEDADES MEDICAS SL (GEYSECO) o cualquiera de sus delegaciones.<\/p>\n<h3>PROPIEDAD INTELECTUAL E INDUSTRIAL.<\/h3>\n<p>Los derechos de propiedad intelectual del contenido de las p\u00e1ginas web, su dise\u00f1o gr\u00e1fico y c\u00f3digos son titularidad de GESTION DE CONGRESOS Y SOCIEDADES MEDICAS SL (GEYSECO) y, por tanto, queda prohibida su reproducci\u00f3n, distribuci\u00f3n, comunicaci\u00f3n p\u00fablica, transformaci\u00f3n o cualquier otra actividad que se pueda realizar con los contenidos de sus p\u00e1ginas web ni aun citando las fuentes, salvo consentimiento por escrito de GESTION DE CONGRESOS Y SOCIEDADES MEDICAS SL (GEYSECO).<\/p>\n<p>Todas las ponencias, presentaciones y\/o abstracts de los congresos gestionados por Grupo Geyseco y publicados en la web son propiedad de sus ponentes y\/o creadores, siendo esta web un mero canal de divulgaci\u00f3n cient\u00edfica de estos, eximiendo de toda responsabilidad a Grupo Geyseco de los posibles datos personales y contenidos que puedan reflejar dichos trabajos.<\/p>\n<h3>CONTENIDO DE LA WEB Y ENLACES (LINKS)<\/h3>\n<p>GESTION DE CONGRESOS Y SOCIEDADES MEDICAS SL (GEYSECO) se reserva el derecho a actualizar, modificar o eliminar la informaci\u00f3n contenida en sus p\u00e1ginas web pudiendo incluso limitar o no permitir el acceso a dicha informaci\u00f3n a ciertos usuarios.<\/p>\n<p>GESTION DE CONGRESOS Y SOCIEDADES MEDICAS SL (GEYSECO) no asume responsabilidad alguna por la informaci\u00f3n contenida en p\u00e1ginas web de terceros a las que se pueda acceder por &#8220;links&#8221; o enlaces desde cualquier p\u00e1gina web propiedad de GESTION DE CONGRESOS Y SOCIEDADES MEDICAS SL (GEYSECO). La presencia de &#8220;links&#8221; o enlaces en las p\u00e1ginas web de GESTION DE CONGRESOS Y SOCIEDADES MEDICAS SL (GEYSECO) tiene finalidad meramente informativa y en ning\u00fan caso supone sugerencia, invitaci\u00f3n o recomendaci\u00f3n sobre los mismos.<\/p><\/div>\n<div id=\"politicas\">\n<h3>LSSICE COMPLIANCE<\/h3>\n<h2>LEGAL NOTICE:<\/h2>\n<p>Pursuant to article 10 of Spanish Law 34\/2002, of 11 July, on Information Society and E-Commerce Services (LSSICE), the following identification details for the company are provided: Name of the company: GEYSECO Business name: GESTION DE CONGRESOS Y SOCIEDADES MEDICAS SL<br \/>\nTax ID: B65687733<br \/>\nAddress: CALLE DE LA UNIVERSIDAD 4 &#8211; 46003 &#8211; VALENCIA &#8211; VALENCIA<br \/>\nTelephone: +34 93 221 22 42<br \/>\nEmail: datos@geyseco.es<\/p>\n<h3>WEBSITE PURPOSE<\/h3>\n<p>Grupo Geyseco offers information at its website related to the type of activity, products and services it provides. This website has been created for dissemination and guidance purposes and aims to make sector information available to any interested professional. The information offered is informational only and is not binding under any circumstance, meaning no liability is assumed for the content.<\/p>\n<h3>APPLICABLE LAW<\/h3>\n<p>In general, all relations between B-65687733 (GEYSECO) and the Users of its electronic services at this website are subject to Spanish law and jurisdiction.<\/p>\n<h3>USE AND ACCESS BY USERS<\/h3>\n<p>The User is hereby informed and agrees that access to this website under no circumstance creates any type of commercial relationship with GESTION DE CONGRESOS Y SOCIEDADES MEDICAS SL (GEYSECO) or any of its offices.<\/p>\n<h3>INTELLECTUAL AND INDUSTRIAL PROPERTY<\/h3>\n<p>The intellectual property rights to the content of the webpages, their graphic design and codes are held by GESTION DE CONGRESOS Y SOCIEDADES MEDICAS SL (GEYSECO) and, therefore, the reproduction, distribution, public disclosure, transformation or any other activity that may be done with the content of the webpages, even if the sources are cited, are prohibited without written consent from GESTION DE CONGRESOS Y SOCIEDADES MEDICAS SL (GEYSECO).<br \/>\nAll papers, presentations and\/abstracts of congresses managed by Grupo Geyseco published at its website are the property of the speakers and\/or creators; this website is simply a channel for their scientific dissemination and, thus, Grupo Geyseco is released of any liability for any personal data and content that may be reflected in any such work.<\/p>\n<h3>WEBSITE CONTENT AND LINKS.<\/h3>\n<p>GESTION DE CONGRESOS Y SOCIEDADES MEDICAS SL (GEYSECO) reserves the right to update, modify or delete any information on its webpages and may even limit or prohibit access to such information by certain users. GESTION DE CONGRESOS Y SOCIEDADES MEDICAS SL (GEYSECO) is not liable in any manner for any information at third-party websites that may be accessed through links from any webpage owned by GESTION DE CONGRESOS Y SOCIEDADES MEDICAS SL (GEYSECO).<br \/>\nThe presence of links on GESTION DE CONGRESOS Y SOCIEDADES MEDICAS SL (GEYSECO) websites is merely for informational purposes and under no circumstance implies any suggestion, invitation or recommendation with regard to them.<\/p>\n<\/div>\n","protected":false},"excerpt":{"rendered":"<p>CUMPLIMIENTO LSSICE AVISO LEGAL En cumplimiento del art\u00edculo 10 de la Ley 34\/2002, de 11 de julio, de Servicios de la Sociedad de la Informaci\u00f3n y Comercio Electr\u00f3nico (LSSICE) a continuaci\u00f3n se detallan los datos identificativos de la empresa: Nombre empresa: GEYSECO Raz\u00f3n social: GESTION DE CONGRESOS Y SOCIEDADES MEDICAS SL NIF: B65687733 Direcci\u00f3n: CALLE &#8230; <a title=\"Av\u00eds Legal\" class=\"read-more\" href=\"https:\/\/cancerdemama26.geyseco.es\/index.php\/avis-legal\/\" aria-label=\"M\u00e9s sobre Av\u00eds Legal\">Llegiu m\u00e9s<\/a><\/p>\n","protected":false},"author":1,"featured_media":0,"parent":0,"menu_order":0,"comment_status":"closed","ping_status":"closed","template":"","meta":{"footnotes":""},"class_list":["post-59","page","type-page","status-publish"],"_links":{"self":[{"href":"https:\/\/cancerdemama26.geyseco.es\/index.php\/wp-json\/wp\/v2\/pages\/59","targetHints":{"allow":["GET"]}}],"collection":[{"href":"https:\/\/cancerdemama26.geyseco.es\/index.php\/wp-json\/wp\/v2\/pages"}],"about":[{"href":"https:\/\/cancerdemama26.geyseco.es\/index.php\/wp-json\/wp\/v2\/types\/page"}],"author":[{"embeddable":true,"href":"https:\/\/cancerdemama26.geyseco.es\/index.php\/wp-json\/wp\/v2\/users\/1"}],"replies":[{"embeddable":true,"href":"https:\/\/cancerdemama26.geyseco.es\/index.php\/wp-json\/wp\/v2\/comments?post=59"}],"version-history":[{"count":1,"href":"https:\/\/cancerdemama26.geyseco.es\/index.php\/wp-json\/wp\/v2\/pages\/59\/revisions"}],"predecessor-version":[{"id":60,"href":"https:\/\/cancerdemama26.geyseco.es\/index.php\/wp-json\/wp\/v2\/pages\/59\/revisions\/60"}],"wp:attachment":[{"href":"https:\/\/cancerdemama26.geyseco.es\/index.php\/wp-json\/wp\/v2\/media?parent=59"}],"curies":[{"name":"wp","href":"https:\/\/api.w.org\/{rel}","templated":true}]}}